{"id":2,"date":"2025-12-29T04:37:00","date_gmt":"2025-12-29T04:37:00","guid":{"rendered":"http:\/\/ldenter.info\/?page_id=2"},"modified":"2025-12-29T08:24:47","modified_gmt":"2025-12-29T08:24:47","slug":"sample-page","status":"publish","type":"page","link":"https:\/\/ldenter.info\/","title":{"rendered":"ld789"},"content":{"rendered":"\t<div id=\"text-2449315381\" class=\"text hidden\">\n\t\t\n<div class=\"MjjYud\">\n<div class=\"A6K0A\" data-rpos=\"0\">\n<div class=\"wHYlTd Ww4FFb tF2Cxc asEBEc vt6azd\" lang=\"vi\" data-hveid=\"CA0QAA\" data-ved=\"2ahUKEwjO5fiU_-GRAxUMwjgGHbgsBlQQFSgAegQIDRAA\">\n<div class=\"N54PNb BToiNc\" data-snc=\"c8ppGc\">\n<div class=\"kb0PBd A9Y9g\" data-snf=\"nke7rc\" data-sncf=\"1\">\n<div class=\"VwiC3b yXK7lf p4wth r025kc Hdw6tb\"><em>Casino tr\u1ef1c tuy\u1ebfn<\/em><\/div>\n<div class=\"VwiC3b yXK7lf p4wth r025kc Hdw6tb\">\n<h2>L\u00f4 live &#8211; L\u00f4 Xi\u00ean &#8211; L\u00f4 Mi\u1ec1n B\u1eafc &#8211; \u0110\u1ec1 Mi\u1ec1n Nam<br \/>\n<\/h2>\n<h3>Baccarat, R\u1ed3ng H\u1ed5, Roulette, X\u00f3c \u0111\u0129a, Saba, Th\u1ec3 thao, sexy<\/h3>\n<h4>ld789, nh\u00e0 c\u00e1i uy t\u00edn h\u00e0ng \u0111\u1ea7u<\/h4>\n<\/div>\n<\/div>\n<\/div>\n<\/div>\n<\/div>\n<\/div>\n<div class=\"MjjYud\"><\/div>\n\t\t\t<\/div>\n\t\n<div class=\"row row-collapse row-full-width\"  id=\"row-1687993473\">\n\n\t<div id=\"col-765500362\" class=\"col small-12 large-12\"  >\n\t\t\t\t<div class=\"col-inner\"  >\n\t\t\t\n\t\t\t\n\n  <div class=\"banner has-hover has-video hide-for-medium\" id=\"banner-814709016\">\n          <div class=\"banner-inner fill\">\n        <div class=\"banner-bg fill\" >\n                        \t<div class=\"video-overlay no-click fill hide-for-medium\"><\/div>\n\t<video class=\"video-bg fill hide-for-medium\" preload playsinline autoplay muted loop>\n\t\t<source src=\"http:\/\/ldenter.info\/wp-content\/uploads\/2025\/12\/Final-1612.mp4\" type=\"video\/mp4\">\t<\/video>\n                        \n                    <\/div>\n\t\t\n        <div class=\"banner-layers container\">\n            <div class=\"fill banner-link\"><\/div>            \n   <div id=\"text-box-1719124111\" class=\"text-box banner-layer x50 md-x50 lg-x50 y85 md-y85 lg-y85 res-text\">\n                                <div class=\"text-box-content text dark\">\n              \n              <div class=\"text-inner text-center\">\n                  \n<a href=\"https:\/\/1ld789.com\/\" target=\"_blank\" class=\"button alert is-shade\" rel=\"noopener\" style=\"border-radius:6px;\">\n\t\t<span>Link 1<\/span>\n\t<\/a>\n\n<a href=\"https:\/\/1ld789.com\/\" target=\"_blank\" class=\"button alert is-shade\" rel=\"noopener\" style=\"border-radius:6px;\">\n\t\t<span>Link 2<\/span>\n\t<\/a>\n\n<a href=\"https:\/\/1ld789.com\/\" target=\"_blank\" class=\"button alert is-shade\" rel=\"noopener\" style=\"border-radius:6px;\">\n\t\t<span>Link 3<\/span>\n\t<\/a>\n\n              <\/div>\n           <\/div>\n                            \n<style>\n#text-box-1719124111 {\n  width: 60%;\n}\n#text-box-1719124111 .text-box-content {\n  font-size: 100%;\n}\n@media (min-width:550px) {\n  #text-box-1719124111 {\n    width: 60%;\n  }\n}\n<\/style>\n    <\/div>\n \n        <\/div>\n      <\/div>\n\n            \n<style>\n#banner-814709016 {\n  padding-top: 500px;\n}\n@media (min-width:550px) {\n  #banner-814709016 {\n    padding-top: 500px;\n  }\n}\n<\/style>\n  <\/div>\n\n\n\n  <div class=\"banner has-hover has-video show-for-small\" id=\"banner-1390412776\">\n          <div class=\"banner-inner fill\">\n        <div class=\"banner-bg fill\" >\n                        \t<div class=\"video-overlay no-click fill visible\"><\/div>\n\t<video class=\"video-bg fill visible\" preload playsinline autoplay muted loop>\n\t\t<source src=\"http:\/\/ldenter.info\/wp-content\/uploads\/2025\/12\/Final-1612.mp4\" type=\"video\/mp4\">\t<\/video>\n                        \n                    <\/div>\n\t\t\n        <div class=\"banner-layers container\">\n            <div class=\"fill banner-link\"><\/div>            \n   <div id=\"text-box-640141851\" class=\"text-box banner-layer x50 md-x50 lg-x50 y95 md-y50 lg-y50 res-text\">\n                                <div class=\"text-box-content text dark\">\n              \n              <div class=\"text-inner text-center\">\n                  \n<a href=\"https:\/\/1ld789.com\/\" target=\"_blank\" class=\"button alert is-shade\" rel=\"noopener\" style=\"border-radius:6px;\">\n\t\t<span>Link 1<\/span>\n\t<\/a>\n\n<a href=\"https:\/\/1ld789.com\/\" target=\"_blank\" class=\"button alert is-shade\" rel=\"noopener\" style=\"border-radius:6px;\">\n\t\t<span>Link 2<\/span>\n\t<\/a>\n\n<a href=\"https:\/\/1ld789.com\/\" target=\"_blank\" class=\"button alert is-shade\" rel=\"noopener\" style=\"border-radius:6px;\">\n\t\t<span>Link 3<\/span>\n\t<\/a>\n\n              <\/div>\n           <\/div>\n                            \n<style>\n#text-box-640141851 {\n  width: 60%;\n}\n#text-box-640141851 .text-box-content {\n  font-size: 100%;\n}\n@media (min-width:550px) {\n  #text-box-640141851 {\n    width: 60%;\n  }\n}\n<\/style>\n    <\/div>\n \n        <\/div>\n      <\/div>\n\n            \n<style>\n#banner-1390412776 {\n  padding-top: 56.25%;\n}\n@media (min-width:550px) {\n  #banner-1390412776 {\n    padding-top: 500px;\n  }\n}\n<\/style>\n  <\/div>\n\n\n\t\t<\/div>\n\t\t\t\t\t<\/div>\n\n\t\n<\/div>\n\n\t<section class=\"section pb-0\" id=\"section_414474361\">\n\t\t<div class=\"section-bg fill\" >\n\t\t\t\t\t\t\t\t\t\n\t\t\t\n\n\t\t<\/div>\n\n\t\t\n\n\t\t<div class=\"section-content relative\">\n\t\t\t\n<div class=\"row\"  id=\"row-1859440471\">\n\n\t<div id=\"col-2051836502\" class=\"col medium-3 small-12 large-3\"  >\n\t\t\t\t<div class=\"col-inner\"  >\n\t\t\t\n\t\t\t\n\t<div class=\"img has-hover x md-x lg-x y md-y lg-y\" id=\"image_1786347717\">\n\t\t<a class=\"\" href=\"https:\/\/1ld789.com\/\" target=\"_blank\" rel=\"noopener\">\t\t\t\t\t\t<div class=\"img-inner dark\" >\n\t\t\t<img loading=\"lazy\" decoding=\"async\" width=\"474\" height=\"472\" src=\"https:\/\/ldenter.info\/wp-content\/uploads\/2025\/12\/LODE.webp\" class=\"attachment-large size-large\" alt=\"ld789\" srcset=\"https:\/\/ldenter.info\/wp-content\/uploads\/2025\/12\/LODE.webp 474w, https:\/\/ldenter.info\/wp-content\/uploads\/2025\/12\/LODE-300x300.webp 300w, https:\/\/ldenter.info\/wp-content\/uploads\/2025\/12\/LODE-150x150.webp 150w\" sizes=\"auto, (max-width: 474px) 100vw, 474px\" \/>\t\t\t\t\t\t\n\t\t\t\t\t<\/div>\n\t\t\t\t\t\t<\/a>\t\t\n<style>\n#image_1786347717 {\n  width: 100%;\n}\n<\/style>\n\t<\/div>\n\t\n\t\t<\/div>\n\t\t\t\t\t<\/div>\n\n\t\n\n\t<div id=\"col-636042520\" class=\"col medium-3 small-12 large-3\"  >\n\t\t\t\t<div class=\"col-inner\"  >\n\t\t\t\n\t\t\t\n\t<div class=\"img has-hover x md-x lg-x y md-y lg-y\" id=\"image_49145533\">\n\t\t<a class=\"\" href=\"https:\/\/1ld789.com\/\" target=\"_blank\" rel=\"noopener\">\t\t\t\t\t\t<div class=\"img-inner dark\" >\n\t\t\t<img loading=\"lazy\" decoding=\"async\" width=\"475\" height=\"472\" src=\"https:\/\/ldenter.info\/wp-content\/uploads\/2025\/12\/LOLIVE.webp\" class=\"attachment-large size-large\" alt=\"ld789\" srcset=\"https:\/\/ldenter.info\/wp-content\/uploads\/2025\/12\/LOLIVE.webp 475w, https:\/\/ldenter.info\/wp-content\/uploads\/2025\/12\/LOLIVE-300x298.webp 300w, https:\/\/ldenter.info\/wp-content\/uploads\/2025\/12\/LOLIVE-150x150.webp 150w\" sizes=\"auto, (max-width: 475px) 100vw, 475px\" \/>\t\t\t\t\t\t\n\t\t\t\t\t<\/div>\n\t\t\t\t\t\t<\/a>\t\t\n<style>\n#image_49145533 {\n  width: 100%;\n}\n<\/style>\n\t<\/div>\n\t\n\t\t<\/div>\n\t\t\t\t\n<style>\n#col-636042520 > .col-inner {\n  padding: 5px 0px 0px 0px;\n}\n<\/style>\n\t<\/div>\n\n\t\n\n\t<div id=\"col-1420377874\" class=\"col medium-3 small-12 large-3\"  >\n\t\t\t\t<div class=\"col-inner\"  >\n\t\t\t\n\t\t\t\n\t<div class=\"img has-hover x md-x lg-x y md-y lg-y\" id=\"image_352093275\">\n\t\t<a class=\"\" href=\"https:\/\/1ld789.com\/\" target=\"_blank\" rel=\"noopener\">\t\t\t\t\t\t<div class=\"img-inner dark\" >\n\t\t\t<img loading=\"lazy\" decoding=\"async\" width=\"474\" height=\"472\" src=\"https:\/\/ldenter.info\/wp-content\/uploads\/2025\/12\/LIVE.webp\" class=\"attachment-large size-large\" alt=\"ld789\" srcset=\"https:\/\/ldenter.info\/wp-content\/uploads\/2025\/12\/LIVE.webp 474w, https:\/\/ldenter.info\/wp-content\/uploads\/2025\/12\/LIVE-300x300.webp 300w, https:\/\/ldenter.info\/wp-content\/uploads\/2025\/12\/LIVE-150x150.webp 150w\" sizes=\"auto, (max-width: 474px) 100vw, 474px\" \/>\t\t\t\t\t\t\n\t\t\t\t\t<\/div>\n\t\t\t\t\t\t<\/a>\t\t\n<style>\n#image_352093275 {\n  width: 100%;\n}\n<\/style>\n\t<\/div>\n\t\n\t\t<\/div>\n\t\t\t\t\n<style>\n#col-1420377874 > .col-inner {\n  padding: 5px 0px 0px 0px;\n}\n<\/style>\n\t<\/div>\n\n\t\n\n\t<div id=\"col-477614892\" class=\"col medium-3 small-12 large-3\"  >\n\t\t\t\t<div class=\"col-inner\"  >\n\t\t\t\n\t\t\t\n\t<div class=\"img has-hover x md-x lg-x y md-y lg-y\" id=\"image_1383416746\">\n\t\t<a class=\"\" href=\"https:\/\/1ld789.com\/\" target=\"_blank\" rel=\"noopener\">\t\t\t\t\t\t<div class=\"img-inner dark\" >\n\t\t\t<img loading=\"lazy\" decoding=\"async\" width=\"472\" height=\"472\" src=\"https:\/\/ldenter.info\/wp-content\/uploads\/2025\/12\/THETHAO.webp\" class=\"attachment-large size-large\" alt=\"ld789\" srcset=\"https:\/\/ldenter.info\/wp-content\/uploads\/2025\/12\/THETHAO.webp 472w, https:\/\/ldenter.info\/wp-content\/uploads\/2025\/12\/THETHAO-300x300.webp 300w, https:\/\/ldenter.info\/wp-content\/uploads\/2025\/12\/THETHAO-150x150.webp 150w\" sizes=\"auto, (max-width: 472px) 100vw, 472px\" \/>\t\t\t\t\t\t\n\t\t\t\t\t<\/div>\n\t\t\t\t\t\t<\/a>\t\t\n<style>\n#image_1383416746 {\n  width: 100%;\n}\n<\/style>\n\t<\/div>\n\t\n\t\t<\/div>\n\t\t\t\t\n<style>\n#col-477614892 > .col-inner {\n  padding: 5px 0px 0px 0px;\n}\n<\/style>\n\t<\/div>\n\n\t\n<\/div>\n\t\t<\/div>\n\n\t\t\n<style>\n#section_414474361 {\n  padding-top: 20px;\n  padding-bottom: 20px;\n}\n<\/style>\n\t<\/section>\n\t\n\n\t<section class=\"section pb-0\" id=\"section_72281748\">\n\t\t<div class=\"section-bg fill\" >\n\t\t\t\t\t\t\t\t\t\n\t\t\t\n\n\t\t<\/div>\n\n\t\t\n\n\t\t<div class=\"section-content relative\">\n\t\t\t\n<div class=\"row\"  id=\"row-869566695\">\n\n\t<div id=\"col-795078274\" class=\"col medium-6 small-12 large-6\"  >\n\t\t\t\t<div class=\"col-inner\"  >\n\t\t\t\n\t\t\t\n\t<div class=\"img has-hover x md-x lg-x y md-y lg-y\" id=\"image_715309321\">\n\t\t<a class=\"\" href=\"https:\/\/1ld789.com\/\" target=\"_blank\" rel=\"noopener\">\t\t\t\t\t\t<div class=\"img-inner dark\" >\n\t\t\t<img loading=\"lazy\" decoding=\"async\" width=\"1020\" height=\"457\" src=\"https:\/\/ldenter.info\/wp-content\/uploads\/2025\/12\/lottery-1024x459.png\" class=\"attachment-large size-large\" alt=\"\" srcset=\"https:\/\/ldenter.info\/wp-content\/uploads\/2025\/12\/lottery-1024x459.png 1024w, https:\/\/ldenter.info\/wp-content\/uploads\/2025\/12\/lottery-300x134.png 300w, https:\/\/ldenter.info\/wp-content\/uploads\/2025\/12\/lottery-768x344.png 768w, https:\/\/ldenter.info\/wp-content\/uploads\/2025\/12\/lottery-1536x688.png 1536w, https:\/\/ldenter.info\/wp-content\/uploads\/2025\/12\/lottery-2048x918.png 2048w\" sizes=\"auto, (max-width: 1020px) 100vw, 1020px\" \/>\t\t\t\t\t\t\n\t\t\t\t\t<\/div>\n\t\t\t\t\t\t<\/a>\t\t\n<style>\n#image_715309321 {\n  width: 100%;\n}\n<\/style>\n\t<\/div>\n\t\n\t\t<\/div>\n\t\t\t\t\t<\/div>\n\n\t\n\n\t<div id=\"col-75760753\" class=\"col medium-6 small-12 large-6\"  >\n\t\t\t\t<div class=\"col-inner text-center\"  >\n\t\t\t\n\t\t\t\n\t<div id=\"text-2125971023\" class=\"text\">\n\t\t\n<p><span style=\"font-size: 24px;\"><strong>LD789 L\u00d4 \u0110\u1ec0 &#8211; L\u00d4 LIVE<\/strong><\/span><br \/>\n<span style=\"font-size: 20px;\">\u0110\u01b0\u1ee3c ph\u00e1t tri\u1ec3n \u0111\u1ed9c quy\u1ec1n v\u1edbi c\u00e1c tr\u00f2 ch\u01a1i L\u00f4 &#8211; \u0110\u1ec1 &#8211; L\u00f4 Live, s\u1ebd t\u0103ng th\u00eam s\u1ef1 l\u1ef1a ch\u1ecdn cho qu\u00e1 tr\u00ecnh ch\u01a1i c\u1ee7a b\u1ea1n!<\/span><br \/>\n\t\t\n<style>\n#text-2125971023 {\n  text-align: left;\n}\n<\/style>\n\t<\/div>\n\t\n<a href=\"https:\/\/1ld789.com\/\" target=\"_blank\" class=\"button alert is-shade is-small box-shadow-3 box-shadow-5-hover\" rel=\"noopener\" style=\"border-radius:5px;\">\n\t\t<span>Link 3<\/span>\n\t<\/a>\n\n<a href=\"https:\/\/1ld789.com\/\" target=\"_blank\" class=\"button alert is-shade is-small box-shadow-3 box-shadow-5-hover\" rel=\"noopener\" style=\"border-radius:5px;\">\n\t\t<span>Link 2<\/span>\n\t<\/a>\n\n<a href=\"https:\/\/1ld789.com\/\" target=\"_blank\" class=\"button alert is-shade is-small box-shadow-3 box-shadow-5-hover\" rel=\"noopener\" style=\"border-radius:5px;\">\n\t\t<span>Link 3<\/span>\n\t<\/a>\n\n\t\t<\/div>\n\t\t\t\t\n<style>\n#col-75760753 > .col-inner {\n  padding: 20px 0px 0px 0px;\n}\n<\/style>\n\t<\/div>\n\n\t\n<\/div>\n\t\t<\/div>\n\n\t\t\n<style>\n#section_72281748 {\n  padding-top: 20px;\n  padding-bottom: 20px;\n}\n<\/style>\n\t<\/section>\n\t\n\n\t<section class=\"section pb-0\" id=\"section_982292919\">\n\t\t<div class=\"section-bg fill\" >\n\t\t\t\t\t\t\t\t\t\n\t\t\t\n\n\t\t<\/div>\n\n\t\t\n\n\t\t<div class=\"section-content relative\">\n\t\t\t\n<div class=\"row\"  id=\"row-1782351684\">\n\n\t<div id=\"col-1199280970\" class=\"col medium-6 small-12 large-6\"  >\n\t\t\t\t<div class=\"col-inner text-center\"  >\n\t\t\t\n\t\t\t\n\t<div id=\"text-1041172792\" class=\"text\">\n\t\t\n<p><span style=\"font-size: 24px;\"><strong>LD789 TH\u1ec2 THAO<\/strong><\/span><br \/>\n<span style=\"font-size: 20px;\">Nh\u00e0 ph\u00e1t tri\u1ec3n \u0111\u1ed9c quy\u1ec1n, t\u1ef7 l\u1ec7 c\u01b0\u1ee3c t\u1ed1t nh\u1ea5t to\u00e0n th\u1ecb tr\u01b0\u1eddng, \u0111\u1ea7y \u0111\u1ee7 c\u00e1c tr\u1eadn \u0111\u1ea5u s\u1ef1 ki\u1ec7n, bao g\u1ed3m tr\u1eadn \u0111\u1ea5u th\u1ec3 thao ph\u1ed5 bi\u1ebfn, cung c\u1ea5p video tr\u1ef1c ti\u1ebfp, s\u1ed1 li\u1ec7u th\u1ed1ng k\u00ea th\u1ec3 thao chuy\u00ean nghi\u1ec7p, \u0111\u1ec3 \u0111\u00e1p \u1ee9ng m\u1ecdi nhu c\u1ea7u c\u1ee7a c\u00e1c tr\u1eadn \u0111\u1ea5u th\u1ec3 thao!<\/span><br \/>\n\t\t\n<style>\n#text-1041172792 {\n  text-align: right;\n}\n<\/style>\n\t<\/div>\n\t\n<a href=\"https:\/\/1ld789.com\/\" target=\"_blank\" class=\"button alert is-shade is-small box-shadow-3 box-shadow-5-hover\" rel=\"noopener\" style=\"border-radius:5px;\">\n\t\t<span>Link 1<\/span>\n\t<\/a>\n\n<a href=\"https:\/\/1ld789.com\/\" target=\"_blank\" class=\"button alert is-shade is-small box-shadow-3 box-shadow-5-hover\" rel=\"noopener\" style=\"border-radius:5px;\">\n\t\t<span>Link 2<\/span>\n\t<\/a>\n\n<a href=\"https:\/\/1ld789.com\/\" target=\"_blank\" class=\"button alert is-shade is-small box-shadow-3 box-shadow-5-hover\" rel=\"noopener\" style=\"border-radius:5px;\">\n\t\t<span>Link 3<\/span>\n\t<\/a>\n\n\t\t<\/div>\n\t\t\t\t\n<style>\n#col-1199280970 > .col-inner {\n  padding: 20px 0px 0px 0px;\n}\n<\/style>\n\t<\/div>\n\n\t\n\n\t<div id=\"col-1111062701\" class=\"col medium-6 small-12 large-6 small-col-first\"  >\n\t\t\t\t<div class=\"col-inner\"  >\n\t\t\t\n\t\t\t\n\t<div class=\"img has-hover x md-x lg-x y md-y lg-y\" id=\"image_1564354719\">\n\t\t<a class=\"\" href=\"https:\/\/1ld789.com\/\" target=\"_blank\" rel=\"noopener\">\t\t\t\t\t\t<div class=\"img-inner dark\" >\n\t\t\t<img loading=\"lazy\" decoding=\"async\" width=\"676\" height=\"328\" src=\"https:\/\/ldenter.info\/wp-content\/uploads\/2025\/12\/sportsbook.webp\" class=\"attachment-large size-large\" alt=\"\" srcset=\"https:\/\/ldenter.info\/wp-content\/uploads\/2025\/12\/sportsbook.webp 676w, https:\/\/ldenter.info\/wp-content\/uploads\/2025\/12\/sportsbook-300x146.webp 300w\" sizes=\"auto, (max-width: 676px) 100vw, 676px\" \/>\t\t\t\t\t\t\n\t\t\t\t\t<\/div>\n\t\t\t\t\t\t<\/a>\t\t\n<style>\n#image_1564354719 {\n  width: 100%;\n}\n<\/style>\n\t<\/div>\n\t\n\t\t<\/div>\n\t\t\t\t\t<\/div>\n\n\t\n<\/div>\n\t\t<\/div>\n\n\t\t\n<style>\n#section_982292919 {\n  padding-top: 20px;\n  padding-bottom: 20px;\n}\n<\/style>\n\t<\/section>\n\t\n\n\t<section class=\"section pb-0\" id=\"section_466162531\">\n\t\t<div class=\"section-bg fill\" >\n\t\t\t\t\t\t\t\t\t\n\t\t\t\n\n\t\t<\/div>\n\n\t\t\n\n\t\t<div class=\"section-content relative\">\n\t\t\t\n<div class=\"row\"  id=\"row-1677467774\">\n\n\t<div id=\"col-894109646\" class=\"col medium-6 small-12 large-6\"  >\n\t\t\t\t<div class=\"col-inner\"  >\n\t\t\t\n\t\t\t\n\t<div class=\"img has-hover x md-x lg-x y md-y lg-y\" id=\"image_597602347\">\n\t\t<a class=\"\" href=\"https:\/\/1ld789.com\/\" target=\"_blank\" rel=\"noopener\">\t\t\t\t\t\t<div class=\"img-inner dark\" >\n\t\t\t<img loading=\"lazy\" decoding=\"async\" width=\"676\" height=\"328\" src=\"https:\/\/ldenter.info\/wp-content\/uploads\/2025\/12\/wm.webp\" class=\"attachment-large size-large\" alt=\"\" srcset=\"https:\/\/ldenter.info\/wp-content\/uploads\/2025\/12\/wm.webp 676w, https:\/\/ldenter.info\/wp-content\/uploads\/2025\/12\/wm-300x146.webp 300w\" sizes=\"auto, (max-width: 676px) 100vw, 676px\" \/>\t\t\t\t\t\t\n\t\t\t\t\t<\/div>\n\t\t\t\t\t\t<\/a>\t\t\n<style>\n#image_597602347 {\n  width: 100%;\n}\n<\/style>\n\t<\/div>\n\t\n\t\t<\/div>\n\t\t\t\t\t<\/div>\n\n\t\n\n\t<div id=\"col-1264791950\" class=\"col medium-6 small-12 large-6\"  >\n\t\t\t\t<div class=\"col-inner text-center\"  >\n\t\t\t\n\t\t\t\n\t<div id=\"text-2254144985\" class=\"text\">\n\t\t\n<p><span style=\"font-size: 24px;\"><strong>LD789 CASINO<\/strong><\/span><br \/>\n<span style=\"font-size: 20px;\">C\u00f3 Baccarat, Ng\u1ea7u H\u1ea7m, R\u1ed3ng H\u1ed5, Fried Golden Flower, X\u00f3c D\u0129a, Fan Tan v\u00e0 c\u00e1c b\u00e0n tr\u00f2 ch\u01a1i kh\u00e1c \u0111\u1ec3 b\u1ea1n l\u1ef1a ch\u1ecdn. \u0110\u1ea1i l\u00fd tr\u1ef1c ti\u1ebfp HD g\u1ee3i c\u1ea3m s\u1ebd ch\u01a1i v\u1edbi b\u1ea1n!<br \/>\n<\/span><br \/>\n\t\t\n<style>\n#text-2254144985 {\n  text-align: left;\n}\n<\/style>\n\t<\/div>\n\t\n<a href=\"https:\/\/1ld789.com\/\" target=\"_blank\" class=\"button alert is-shade is-small box-shadow-3 box-shadow-5-hover\" rel=\"noopener\" style=\"border-radius:5px;\">\n\t\t<span>Link 1<\/span>\n\t<\/a>\n\n<a href=\"https:\/\/1ld789.com\/\" target=\"_blank\" class=\"button alert is-shade is-small box-shadow-3 box-shadow-5-hover\" rel=\"noopener\" style=\"border-radius:5px;\">\n\t\t<span>Link 2<\/span>\n\t<\/a>\n\n<a href=\"https:\/\/1ld789.com\/\" target=\"_blank\" class=\"button alert is-shade is-small box-shadow-3 box-shadow-5-hover\" rel=\"noopener\" style=\"border-radius:5px;\">\n\t\t<span>Link 3<\/span>\n\t<\/a>\n\n\t\t<\/div>\n\t\t\t\t\n<style>\n#col-1264791950 > .col-inner {\n  padding: 20px 0px 0px 0px;\n}\n<\/style>\n\t<\/div>\n\n\t\n<\/div>\n\t\t<\/div>\n\n\t\t\n<style>\n#section_466162531 {\n  padding-top: 20px;\n  padding-bottom: 20px;\n}\n<\/style>\n\t<\/section>\n\t\n\n\t<section class=\"section\" id=\"section_1120605965\">\n\t\t<div class=\"section-bg fill\" >\n\t\t\t\t\t\t\t\t\t\n\t\t\t\n\n\t\t<\/div>\n\n\t\t\n\n\t\t<div class=\"section-content relative\">\n\t\t\t\n<div class=\"row row-collapse\"  id=\"row-1904769934\">\n\n\t<div id=\"col-504576541\" class=\"col small-12 large-12\"  >\n\t\t\t\t<div class=\"col-inner\"  >\n\t\t\t\n\t\t\t\n\t<div class=\"img has-hover x md-x lg-x y md-y lg-y\" id=\"image_226206138\">\n\t\t<a class=\"\" href=\"https:\/\/1ld789.com\/\" target=\"_blank\" rel=\"noopener\">\t\t\t\t\t\t<div class=\"img-inner dark\" >\n\t\t\t<img loading=\"lazy\" decoding=\"async\" width=\"1020\" height=\"227\" src=\"https:\/\/ldenter.info\/wp-content\/uploads\/2025\/12\/PC_Sport_1_1731311945-1024x228.webp\" class=\"attachment-large size-large\" alt=\"\" srcset=\"https:\/\/ldenter.info\/wp-content\/uploads\/2025\/12\/PC_Sport_1_1731311945-1024x228.webp 1024w, https:\/\/ldenter.info\/wp-content\/uploads\/2025\/12\/PC_Sport_1_1731311945-300x67.webp 300w, https:\/\/ldenter.info\/wp-content\/uploads\/2025\/12\/PC_Sport_1_1731311945-768x171.webp 768w, https:\/\/ldenter.info\/wp-content\/uploads\/2025\/12\/PC_Sport_1_1731311945-1536x341.webp 1536w, https:\/\/ldenter.info\/wp-content\/uploads\/2025\/12\/PC_Sport_1_1731311945-2048x455.webp 2048w\" sizes=\"auto, (max-width: 1020px) 100vw, 1020px\" \/>\t\t\t\t\t\t\n\t\t\t\t\t<\/div>\n\t\t\t\t\t\t<\/a>\t\t\n<style>\n#image_226206138 {\n  width: 100%;\n}\n<\/style>\n\t<\/div>\n\t\n\t\t<\/div>\n\t\t\t\t\t<\/div>\n\n\t\n<\/div>\n<div class=\"row align-middle align-center\"  id=\"row-852797672\">\n\n\t<div id=\"col-1619421954\" class=\"col medium-4 small-12 large-4\"  >\n\t\t\t\t<div class=\"col-inner\"  >\n\t\t\t\n\t\t\t\n\t<div class=\"img has-hover x md-x lg-x y md-y lg-y\" id=\"image_2086733005\">\n\t\t\t\t\t\t\t\t<div class=\"img-inner dark\" >\n\t\t\t<img loading=\"lazy\" decoding=\"async\" width=\"560\" height=\"1010\" src=\"https:\/\/ldenter.info\/wp-content\/uploads\/2025\/12\/1746248184959.png\" class=\"attachment-large size-large\" alt=\"\" srcset=\"https:\/\/ldenter.info\/wp-content\/uploads\/2025\/12\/1746248184959.png 560w, https:\/\/ldenter.info\/wp-content\/uploads\/2025\/12\/1746248184959-166x300.png 166w\" sizes=\"auto, (max-width: 560px) 100vw, 560px\" \/>\t\t\t\t\t\t\n\t\t\t\t\t<\/div>\n\t\t\t\t\t\t\t\t\n<style>\n#image_2086733005 {\n  width: 100%;\n}\n<\/style>\n\t<\/div>\n\t\n\t\t<\/div>\n\t\t\t\t\t<\/div>\n\n\t\n\n\t<div id=\"col-1915002706\" class=\"col medium-4 small-12 large-4\"  >\n\t\t\t\t<div class=\"col-inner\"  >\n\t\t\t\n\t\t\t\n\t<div class=\"img has-hover x md-x lg-x y md-y lg-y\" id=\"image_151943648\">\n\t\t\t\t\t\t\t\t<div class=\"img-inner dark\" >\n\t\t\t<img loading=\"lazy\" decoding=\"async\" width=\"560\" height=\"1010\" src=\"https:\/\/ldenter.info\/wp-content\/uploads\/2025\/12\/1736401853349.png\" class=\"attachment-large size-large\" alt=\"\" srcset=\"https:\/\/ldenter.info\/wp-content\/uploads\/2025\/12\/1736401853349.png 560w, https:\/\/ldenter.info\/wp-content\/uploads\/2025\/12\/1736401853349-166x300.png 166w\" sizes=\"auto, (max-width: 560px) 100vw, 560px\" \/>\t\t\t\t\t\t\n\t\t\t\t\t<\/div>\n\t\t\t\t\t\t\t\t\n<style>\n#image_151943648 {\n  width: 100%;\n}\n<\/style>\n\t<\/div>\n\t\n\t\t<\/div>\n\t\t\t\t\t<\/div>\n\n\t\n\n\t<div id=\"col-355568335\" class=\"col medium-4 small-12 large-4\"  >\n\t\t\t\t<div class=\"col-inner\"  >\n\t\t\t\n\t\t\t\n\t<div class=\"img has-hover x md-x lg-x y md-y lg-y\" id=\"image_1148386438\">\n\t\t\t\t\t\t\t\t<div class=\"img-inner dark\" >\n\t\t\t<img loading=\"lazy\" decoding=\"async\" width=\"560\" height=\"1010\" src=\"https:\/\/ldenter.info\/wp-content\/uploads\/2025\/12\/1708761210253.png\" class=\"attachment-large size-large\" alt=\"\" srcset=\"https:\/\/ldenter.info\/wp-content\/uploads\/2025\/12\/1708761210253.png 560w, https:\/\/ldenter.info\/wp-content\/uploads\/2025\/12\/1708761210253-166x300.png 166w\" sizes=\"auto, (max-width: 560px) 100vw, 560px\" \/>\t\t\t\t\t\t\n\t\t\t\t\t<\/div>\n\t\t\t\t\t\t\t\t\n<style>\n#image_1148386438 {\n  width: 100%;\n}\n<\/style>\n\t<\/div>\n\t\n\t\t<\/div>\n\t\t\t\t\t<\/div>\n\n\t\n\n\t<div id=\"col-1829629950\" class=\"col small-12 large-12\"  >\n\t\t\t\t<div class=\"col-inner\"  >\n\t\t\t\n\t\t\t\n\t<div class=\"img has-hover x md-x lg-x y md-y lg-y\" id=\"image_741858909\">\n\t\t\t\t\t\t\t\t<div class=\"img-inner dark\" >\n\t\t\t<img loading=\"lazy\" decoding=\"async\" width=\"1020\" height=\"112\" src=\"https:\/\/ldenter.info\/wp-content\/uploads\/2025\/12\/bank-1024x112.png\" class=\"attachment-large size-large\" alt=\"\" srcset=\"https:\/\/ldenter.info\/wp-content\/uploads\/2025\/12\/bank-1024x112.png 1024w, https:\/\/ldenter.info\/wp-content\/uploads\/2025\/12\/bank-300x33.png 300w, https:\/\/ldenter.info\/wp-content\/uploads\/2025\/12\/bank-768x84.png 768w, https:\/\/ldenter.info\/wp-content\/uploads\/2025\/12\/bank-1536x168.png 1536w, https:\/\/ldenter.info\/wp-content\/uploads\/2025\/12\/bank-2048x224.png 2048w\" sizes=\"auto, (max-width: 1020px) 100vw, 1020px\" \/>\t\t\t\t\t\t\n\t\t\t\t\t<\/div>\n\t\t\t\t\t\t\t\t\n<style>\n#image_741858909 {\n  width: 100%;\n}\n<\/style>\n\t<\/div>\n\t\n\t\t<\/div>\n\t\t\t\t\n<style>\n#col-1829629950 > .col-inner {\n  padding: 20px 0px 0px 0px;\n}\n<\/style>\n\t<\/div>\n\n\t\n<\/div>\n\t\t<\/div>\n\n\t\t\n<style>\n#section_1120605965 {\n  padding-top: 10px;\n  padding-bottom: 10px;\n}\n<\/style>\n\t<\/section>\n\t\n","protected":false},"excerpt":{"rendered":"","protected":false},"author":1,"featured_media":0,"parent":0,"menu_order":0,"comment_status":"closed","ping_status":"open","template":"page-blank.php","meta":{"footnotes":""},"class_list":["post-2","page","type-page","status-publish","hentry"],"_links":{"self":[{"href":"https:\/\/ldenter.info\/index.php\/wp-json\/wp\/v2\/pages\/2","targetHints":{"allow":["GET"]}}],"collection":[{"href":"https:\/\/ldenter.info\/index.php\/wp-json\/wp\/v2\/pages"}],"about":[{"href":"https:\/\/ldenter.info\/index.php\/wp-json\/wp\/v2\/types\/page"}],"author":[{"embeddable":true,"href":"https:\/\/ldenter.info\/index.php\/wp-json\/wp\/v2\/users\/1"}],"replies":[{"embeddable":true,"href":"https:\/\/ldenter.info\/index.php\/wp-json\/wp\/v2\/comments?post=2"}],"version-history":[{"count":45,"href":"https:\/\/ldenter.info\/index.php\/wp-json\/wp\/v2\/pages\/2\/revisions"}],"predecessor-version":[{"id":104,"href":"https:\/\/ldenter.info\/index.php\/wp-json\/wp\/v2\/pages\/2\/revisions\/104"}],"wp:attachment":[{"href":"https:\/\/ldenter.info\/index.php\/wp-json\/wp\/v2\/media?parent=2"}],"curies":[{"name":"wp","href":"https:\/\/api.w.org\/{rel}","templated":true}]}}